{"id":36,"date":"2025-06-11T21:46:14","date_gmt":"2025-06-11T21:46:14","guid":{"rendered":"https:\/\/rsimonbau.de\/?page_id=36"},"modified":"2025-07-26T14:54:26","modified_gmt":"2025-07-26T14:54:26","slug":"about-us","status":"publish","type":"page","link":"https:\/\/rsimonbau.de\/de\/about-us\/","title":{"rendered":"\u00dcber uns"},"content":{"rendered":"<section class=\"bde-section-36-100 bde-section\">\n  \n  \n\t\n\n\n\n<div class=\"section-container\"><h1 class=\"bde-heading-36-101 bde-heading\">\nFAST 30 JAHRE <br>BRANCHEN-EXPERTISE\n<\/h1><div class=\"bde-text-36-102 bde-text\">\nAUF QUALIT\u00c4T, VERTRAUEN UND SICHERHEIT GEBAUT\n<\/div><\/div>\n<\/section><section class=\"bde-section-36-103 bde-section\">\n  \n  \n\t\n\n\n\n<div class=\"section-container\"><h2 class=\"bde-heading-36-104 bde-heading\">\nUNSERE PROJEKTE SPRECHEN F\u00dcR SICH\n<\/h2><div class=\"bde-text-36-105 bde-text\">\nHinter jedem erfolgreichen Projekt stehen Kompetenz, Pr\u00e4zision und Engagement. Werfen Sie einen Blick auf unsere realisierten Projekte \u2013 vom Konzept bis zum letzten Schliff. Ob Gewerbefl\u00e4chen, Wohngeb\u00e4ude oder Industriehallen \u2013 jedes Projekt erz\u00e4hlt eine Geschichte von Vertrauen und Qualit\u00e4t.<br>\n<\/div><div class=\"bde-grid-36-106 bde-grid\">\n  \n  \n\t\n\n\n\n<img decoding=\"async\" class=\"bde-image2-36-107 bde-image2\" src=\"https:\/\/rsimonbau.de\/wp-content\/uploads\/2025\/06\/PHOTO-2024-04-24-08-50-531.jpg\" loading=\"lazy\" srcset=\"https:\/\/rsimonbau.de\/wp-content\/uploads\/2025\/06\/PHOTO-2024-04-24-08-50-531.jpg 1179w, https:\/\/rsimonbau.de\/wp-content\/uploads\/2025\/06\/PHOTO-2024-04-24-08-50-531-300x287.jpg 300w, https:\/\/rsimonbau.de\/wp-content\/uploads\/2025\/06\/PHOTO-2024-04-24-08-50-531-1024x981.jpg 1024w, https:\/\/rsimonbau.de\/wp-content\/uploads\/2025\/06\/PHOTO-2024-04-24-08-50-531-768x735.jpg 768w\" sizes=\"(max-width: 1179px) 100vw, 1179px\"><img decoding=\"async\" class=\"bde-image2-36-112 bde-image2\" src=\"https:\/\/rsimonbau.de\/wp-content\/uploads\/2025\/06\/PHOTO-2024-04-24-08-50-532.jpg\" loading=\"lazy\" srcset=\"https:\/\/rsimonbau.de\/wp-content\/uploads\/2025\/06\/PHOTO-2024-04-24-08-50-532.jpg 1179w, https:\/\/rsimonbau.de\/wp-content\/uploads\/2025\/06\/PHOTO-2024-04-24-08-50-532-300x293.jpg 300w, https:\/\/rsimonbau.de\/wp-content\/uploads\/2025\/06\/PHOTO-2024-04-24-08-50-532-1024x1000.jpg 1024w, https:\/\/rsimonbau.de\/wp-content\/uploads\/2025\/06\/PHOTO-2024-04-24-08-50-532-768x750.jpg 768w\" sizes=\"(max-width: 1179px) 100vw, 1179px\"><img decoding=\"async\" class=\"bde-image2-36-111 bde-image2\" src=\"https:\/\/rsimonbau.de\/wp-content\/uploads\/2025\/06\/PHOTO-2024-04-24-08-50-533.jpg\" loading=\"lazy\" srcset=\"https:\/\/rsimonbau.de\/wp-content\/uploads\/2025\/06\/PHOTO-2024-04-24-08-50-533.jpg 1179w, https:\/\/rsimonbau.de\/wp-content\/uploads\/2025\/06\/PHOTO-2024-04-24-08-50-533-300x294.jpg 300w, https:\/\/rsimonbau.de\/wp-content\/uploads\/2025\/06\/PHOTO-2024-04-24-08-50-533-1024x1005.jpg 1024w, https:\/\/rsimonbau.de\/wp-content\/uploads\/2025\/06\/PHOTO-2024-04-24-08-50-533-768x754.jpg 768w\" sizes=\"(max-width: 1179px) 100vw, 1179px\"><img decoding=\"async\" class=\"bde-image2-36-110 bde-image2\" src=\"https:\/\/rsimonbau.de\/wp-content\/uploads\/2025\/06\/PHOTO-2024-04-24-08-50-536.jpg\" loading=\"lazy\" srcset=\"https:\/\/rsimonbau.de\/wp-content\/uploads\/2025\/06\/PHOTO-2024-04-24-08-50-536.jpg 1179w, https:\/\/rsimonbau.de\/wp-content\/uploads\/2025\/06\/PHOTO-2024-04-24-08-50-536-300x216.jpg 300w, https:\/\/rsimonbau.de\/wp-content\/uploads\/2025\/06\/PHOTO-2024-04-24-08-50-536-1024x736.jpg 1024w, https:\/\/rsimonbau.de\/wp-content\/uploads\/2025\/06\/PHOTO-2024-04-24-08-50-536-768x552.jpg 768w\" sizes=\"(max-width: 1179px) 100vw, 1179px\"><img decoding=\"async\" class=\"bde-image2-36-109 bde-image2\" src=\"https:\/\/rsimonbau.de\/wp-content\/uploads\/2025\/06\/PHOTO-2024-04-24-08-50-535.jpg\" loading=\"lazy\" srcset=\"https:\/\/rsimonbau.de\/wp-content\/uploads\/2025\/06\/PHOTO-2024-04-24-08-50-535.jpg 1179w, https:\/\/rsimonbau.de\/wp-content\/uploads\/2025\/06\/PHOTO-2024-04-24-08-50-535-251x300.jpg 251w, https:\/\/rsimonbau.de\/wp-content\/uploads\/2025\/06\/PHOTO-2024-04-24-08-50-535-856x1024.jpg 856w, https:\/\/rsimonbau.de\/wp-content\/uploads\/2025\/06\/PHOTO-2024-04-24-08-50-535-768x918.jpg 768w\" sizes=\"(max-width: 1179px) 100vw, 1179px\"><img decoding=\"async\" class=\"bde-image2-36-108 bde-image2\" src=\"https:\/\/rsimonbau.de\/wp-content\/uploads\/2025\/06\/PHOTO-2024-04-24-08-50-534.jpg\" loading=\"lazy\" srcset=\"https:\/\/rsimonbau.de\/wp-content\/uploads\/2025\/06\/PHOTO-2024-04-24-08-50-534.jpg 1179w, https:\/\/rsimonbau.de\/wp-content\/uploads\/2025\/06\/PHOTO-2024-04-24-08-50-534-259x300.jpg 259w, https:\/\/rsimonbau.de\/wp-content\/uploads\/2025\/06\/PHOTO-2024-04-24-08-50-534-883x1024.jpg 883w, https:\/\/rsimonbau.de\/wp-content\/uploads\/2025\/06\/PHOTO-2024-04-24-08-50-534-768x890.jpg 768w\" sizes=\"(max-width: 1179px) 100vw, 1179px\">\n<\/div><div class=\"bde-div-36-113 bde-div\">\n              \n  \n  \n\t\n\n  <div class=\"section-background-overlay\"><\/div>\n\n\n<h1 class=\"bde-heading-36-114 bde-heading\">\nQualit\u00e4t und L\u00f6sungen f\u00fcr Ihre Bed\u00fcrfnisse<br>\n<\/h1><div class=\"bde-text-36-115 bde-text\">\nUnser Unternehmen wurde 1996 gegr\u00fcndet und w\u00e4chst seitdem stetig.<br>Aktuell besch\u00e4ftigen wir 20 Mitarbeiter, darunter vier Standortleiter.<br><br>Durch die langj\u00e4hrige und gute Zusammenarbeit mit Subunternehmern sind wir mit Gewerken wie Maurern, Elektrikern, Installateuren, Heizungsbauern und weiteren professionell ausgestattet.<br>Bei gr\u00f6\u00dferen Bauvorhaben k\u00f6nnen wir unsere Belegschaft auf bis zu 100 Mitarbeiter erweitern.<br><br>In den letzten Jahren haben wir uns auf Trockenbau-, Verputz- und Malerarbeiten unter anderem f\u00fcr B\u00fcro- und Wohngeb\u00e4ude spezialisiert.<br><br>Qualit\u00e4t, Wirtschaftlichkeit und Termintreue stehen bei uns stets im Fokus.<br>Unsere Kunden sch\u00e4tzen uns als kompetenten, flexiblen und verantwortungsvollen Partner, dem sie auch die anspruchsvollsten Projekte vertrauensvoll bew\u00e4ltigen k\u00f6nnen.\n<\/div>\n<\/div><div class=\"bde-div-36-117 bde-div\">\n  \n  \n\t\n\n\n\n<h2 class=\"bde-heading-36-118 bde-heading\">\nFREUNDLICH + UMFASSEND + ZUVERL\u00c4SSIG\n<\/h2><div class=\"bde-text-36-119 bde-text\">\nDank unserer freundlichen und professionellen Mitarbeiter k\u00f6nnen wir flexibel auf Ihre W\u00fcnsche eingehen. Kompetenz ist f\u00fcr uns nicht nur ein Markenzeichen, sondern eine Selbstverst\u00e4ndlichkeit. Daf\u00fcr b\u00fcrgen wir mit jedem einzelnen Mitglied unseres Teams. Wir setzen Ihre Ideen professionell um und unterst\u00fctzen Sie bei deren Umsetzung. Erst wenn Sie zufrieden sind, haben wir unseren Auftrag erf\u00fcllt.\n<\/div><div class=\"bde-button-36-120 bde-button\">\n    \n                                    \n    \n    \n    \n    \n            \n                    \n            \n            \n\n    \n    \n    \n    \n    \n    <a class=\"breakdance-link button-atom button-atom--primary bde-button__button\" href=\"https:\/\/rsimonbau.de\/de\/contact-us\/\" target=\"_self\" data-type=\"url\"  >\n\n    \n        <span class=\"button-atom__text\">Kontaktieren Sie uns<\/span>\n\n        \n        \n                <\/a>\n\n    \n\n\n<\/div>\n<\/div><\/div>\n<\/section>","protected":false},"excerpt":{"rendered":"<p>NEARLY 30 YEARS OF INDUSTRY EXPERTISE BUILT ON QUALITY, TRUST, AND SAFETY OUR PROJECTS SPEAK FOR THEMSELVES Behind every successful project stand expertise, precision, and dedication. Take a look at some of our completed works \u2013 from concept to final touches. Whether it\u2019s commercial spaces, residential buildings, or industrial halls, every project tells a story [&hellip;]<\/p>","protected":false},"author":1,"featured_media":0,"parent":0,"menu_order":0,"comment_status":"closed","ping_status":"closed","template":"","meta":{"_breakdance_hide_in_design_set":false,"_breakdance_tags":"","footnotes":""},"class_list":["post-36","page","type-page","status-publish","hentry"],"_links":{"self":[{"href":"https:\/\/rsimonbau.de\/de\/wp-json\/wp\/v2\/pages\/36","targetHints":{"allow":["GET"]}}],"collection":[{"href":"https:\/\/rsimonbau.de\/de\/wp-json\/wp\/v2\/pages"}],"about":[{"href":"https:\/\/rsimonbau.de\/de\/wp-json\/wp\/v2\/types\/page"}],"author":[{"embeddable":true,"href":"https:\/\/rsimonbau.de\/de\/wp-json\/wp\/v2\/users\/1"}],"replies":[{"embeddable":true,"href":"https:\/\/rsimonbau.de\/de\/wp-json\/wp\/v2\/comments?post=36"}],"version-history":[{"count":8,"href":"https:\/\/rsimonbau.de\/de\/wp-json\/wp\/v2\/pages\/36\/revisions"}],"predecessor-version":[{"id":89,"href":"https:\/\/rsimonbau.de\/de\/wp-json\/wp\/v2\/pages\/36\/revisions\/89"}],"wp:attachment":[{"href":"https:\/\/rsimonbau.de\/de\/wp-json\/wp\/v2\/media?parent=36"}],"curies":[{"name":"wp","href":"https:\/\/api.w.org\/{rel}","templated":true}]}}