{"id":50,"date":"2025-06-12T15:39:16","date_gmt":"2025-06-12T15:39:16","guid":{"rendered":"https:\/\/rsimonbau.de\/?page_id=50"},"modified":"2025-07-26T14:55:03","modified_gmt":"2025-07-26T14:55:03","slug":"projects","status":"publish","type":"page","link":"https:\/\/rsimonbau.de\/de\/projects\/","title":{"rendered":"Referenzen"},"content":{"rendered":"<section class=\"bde-section-50-100 bde-section\">\n  \n  \n\t\n\n\n\n<div class=\"section-container\"><h1 class=\"bde-heading-50-101 bde-heading\">\nUNSERE ARBEIT SPRICHT<br>F\u00dcR SICH\n<\/h1><div class=\"bde-text-50-102 bde-text\">\nENTDECKEN SIE UNSERE QUALIT\u00c4T\n<\/div><\/div>\n<\/section><section class=\"bde-section-50-103 bde-section\">\n  \n  \n\t\n\n\n\n<div class=\"section-container\"><h2 class=\"bde-heading-50-111 bde-heading\">\nUnsere Referenzen im Detail\n<\/h2><div class=\"bde-grid-50-104 bde-grid\">\n  \n  \n\t\n\n\n\n<div class=\"bde-div-50-120 bde-div\">\n  \n  \n\t\n\n\n\n<h3 class=\"bde-heading-50-121 bde-heading\">\nNew Yorker Potsdam\n<\/h3><div class=\"bde-text-50-122 bde-text\">\nLeistung: Trockenbau\n<\/div>\n<\/div><div class=\"bde-div-50-141 bde-div\">\n  \n  \n\t\n\n\n\n<h3 class=\"bde-heading-50-142 bde-heading\">\nNew Yorker Berlin Spandau\n<\/h3><div class=\"bde-text-50-143 bde-text\">\nLeistung: Trockenbau\n<\/div>\n<\/div><div class=\"bde-div-50-138 bde-div\">\n  \n  \n\t\n\n\n\n<h3 class=\"bde-heading-50-139 bde-heading\">\nNew Yorker Ahrensfelde\n<\/h3><div class=\"bde-text-50-140 bde-text\">\nLeistung: Trockenbau\n<\/div>\n<\/div><div class=\"bde-div-50-135 bde-div\">\n  \n  \n\t\n\n\n\n<h3 class=\"bde-heading-50-136 bde-heading\">\nZ\u00fcblin Atriumquartier Leipzig\n<\/h3><div class=\"bde-text-50-137 bde-text\">\nLeistung: Trockenbau\n<\/div>\n<\/div><div class=\"bde-div-50-132 bde-div\">\n  \n  \n\t\n\n\n\n<h3 class=\"bde-heading-50-133 bde-heading\">\nZ\u00fcblin Peterhauser Briel Konstanz\n<\/h3><div class=\"bde-text-50-134 bde-text\">\nLeistung: Au\u00dfen- und Innenputz\n<\/div>\n<\/div><div class=\"bde-div-50-129 bde-div\">\n  \n  \n\t\n\n\n\n<h3 class=\"bde-heading-50-130 bde-heading\">\nZ\u00fcblin Eigentlingen\n<\/h3><div class=\"bde-text-50-131 bde-text\">\nLeistung: Au\u00dfen- und Innenputz\n<\/div>\n<\/div><div class=\"bde-div-50-126 bde-div\">\n  \n  \n\t\n\n\n\n<h3 class=\"bde-heading-50-127 bde-heading\">\nEidelstedter H\u00f6fe Hamburg\n<\/h3><div class=\"bde-text-50-128 bde-text\">\nLeistung: Trockenbau\n<\/div>\n<\/div><div class=\"bde-div-50-123 bde-div\">\n  \n  \n\t\n\n\n\n<h3 class=\"bde-heading-50-124 bde-heading\">\nPflegeresidenz Zehlendorf\u00a0\n<\/h3><div class=\"bde-text-50-125 bde-text\">\nLeistung: Renovierungsarbeiten\n<\/div>\n<\/div>\n<\/div><h2 class=\"bde-heading-50-112 bde-heading\">\nWerfen Sie einen Blick auf unsere Projekte\n<\/h2><div class=\"bde-grid-50-113 bde-grid\">\n  \n  \n\t\n\n\n\n<img decoding=\"async\" class=\"bde-image2-50-114 bde-image2\" src=\"https:\/\/rsimonbau.de\/wp-content\/uploads\/2025\/06\/PHOTO-2024-04-24-08-50-531.jpg\" loading=\"lazy\" srcset=\"https:\/\/rsimonbau.de\/wp-content\/uploads\/2025\/06\/PHOTO-2024-04-24-08-50-531.jpg 1179w, https:\/\/rsimonbau.de\/wp-content\/uploads\/2025\/06\/PHOTO-2024-04-24-08-50-531-300x287.jpg 300w, https:\/\/rsimonbau.de\/wp-content\/uploads\/2025\/06\/PHOTO-2024-04-24-08-50-531-1024x981.jpg 1024w, https:\/\/rsimonbau.de\/wp-content\/uploads\/2025\/06\/PHOTO-2024-04-24-08-50-531-768x735.jpg 768w\" sizes=\"(max-width: 1179px) 100vw, 1179px\"><img decoding=\"async\" class=\"bde-image2-50-115 bde-image2\" src=\"https:\/\/rsimonbau.de\/wp-content\/uploads\/2025\/06\/PHOTO-2024-04-24-08-50-532.jpg\" loading=\"lazy\" srcset=\"https:\/\/rsimonbau.de\/wp-content\/uploads\/2025\/06\/PHOTO-2024-04-24-08-50-532.jpg 1179w, https:\/\/rsimonbau.de\/wp-content\/uploads\/2025\/06\/PHOTO-2024-04-24-08-50-532-300x293.jpg 300w, https:\/\/rsimonbau.de\/wp-content\/uploads\/2025\/06\/PHOTO-2024-04-24-08-50-532-1024x1000.jpg 1024w, https:\/\/rsimonbau.de\/wp-content\/uploads\/2025\/06\/PHOTO-2024-04-24-08-50-532-768x750.jpg 768w\" sizes=\"(max-width: 1179px) 100vw, 1179px\"><img decoding=\"async\" class=\"bde-image2-50-116 bde-image2\" src=\"https:\/\/rsimonbau.de\/wp-content\/uploads\/2025\/06\/PHOTO-2024-04-24-08-50-533.jpg\" loading=\"lazy\" srcset=\"https:\/\/rsimonbau.de\/wp-content\/uploads\/2025\/06\/PHOTO-2024-04-24-08-50-533.jpg 1179w, https:\/\/rsimonbau.de\/wp-content\/uploads\/2025\/06\/PHOTO-2024-04-24-08-50-533-300x294.jpg 300w, https:\/\/rsimonbau.de\/wp-content\/uploads\/2025\/06\/PHOTO-2024-04-24-08-50-533-1024x1005.jpg 1024w, https:\/\/rsimonbau.de\/wp-content\/uploads\/2025\/06\/PHOTO-2024-04-24-08-50-533-768x754.jpg 768w\" sizes=\"(max-width: 1179px) 100vw, 1179px\"><img decoding=\"async\" class=\"bde-image2-50-117 bde-image2\" src=\"https:\/\/rsimonbau.de\/wp-content\/uploads\/2025\/06\/PHOTO-2024-04-24-08-50-536.jpg\" loading=\"lazy\" srcset=\"https:\/\/rsimonbau.de\/wp-content\/uploads\/2025\/06\/PHOTO-2024-04-24-08-50-536.jpg 1179w, https:\/\/rsimonbau.de\/wp-content\/uploads\/2025\/06\/PHOTO-2024-04-24-08-50-536-300x216.jpg 300w, https:\/\/rsimonbau.de\/wp-content\/uploads\/2025\/06\/PHOTO-2024-04-24-08-50-536-1024x736.jpg 1024w, https:\/\/rsimonbau.de\/wp-content\/uploads\/2025\/06\/PHOTO-2024-04-24-08-50-536-768x552.jpg 768w\" sizes=\"(max-width: 1179px) 100vw, 1179px\"><img decoding=\"async\" class=\"bde-image2-50-118 bde-image2\" src=\"https:\/\/rsimonbau.de\/wp-content\/uploads\/2025\/06\/PHOTO-2024-04-24-08-50-535.jpg\" loading=\"lazy\" srcset=\"https:\/\/rsimonbau.de\/wp-content\/uploads\/2025\/06\/PHOTO-2024-04-24-08-50-535.jpg 1179w, https:\/\/rsimonbau.de\/wp-content\/uploads\/2025\/06\/PHOTO-2024-04-24-08-50-535-251x300.jpg 251w, https:\/\/rsimonbau.de\/wp-content\/uploads\/2025\/06\/PHOTO-2024-04-24-08-50-535-856x1024.jpg 856w, https:\/\/rsimonbau.de\/wp-content\/uploads\/2025\/06\/PHOTO-2024-04-24-08-50-535-768x918.jpg 768w\" sizes=\"(max-width: 1179px) 100vw, 1179px\"><img decoding=\"async\" class=\"bde-image2-50-119 bde-image2\" src=\"https:\/\/rsimonbau.de\/wp-content\/uploads\/2025\/06\/PHOTO-2024-04-24-08-50-534.jpg\" loading=\"lazy\" srcset=\"https:\/\/rsimonbau.de\/wp-content\/uploads\/2025\/06\/PHOTO-2024-04-24-08-50-534.jpg 1179w, https:\/\/rsimonbau.de\/wp-content\/uploads\/2025\/06\/PHOTO-2024-04-24-08-50-534-259x300.jpg 259w, https:\/\/rsimonbau.de\/wp-content\/uploads\/2025\/06\/PHOTO-2024-04-24-08-50-534-883x1024.jpg 883w, https:\/\/rsimonbau.de\/wp-content\/uploads\/2025\/06\/PHOTO-2024-04-24-08-50-534-768x890.jpg 768w\" sizes=\"(max-width: 1179px) 100vw, 1179px\">\n<\/div><\/div>\n<\/section>","protected":false},"excerpt":{"rendered":"<p>OUR WORK SPEAKSFOR ITSELF DISCOVER OUR QUALITY A Closer Look at Our References New Yorker Potsdam Service: Drywall New Yorker Berlin Spandau Service: Drywall New Yorker Ahrensfelde Service: Drywall Z\u00fcblin Atriumquartier Leipzig Service: Drywall Z\u00fcblin Peterhauser Briel Konstanz Service: Exterior and Interior Plaster Z\u00fcblin Eigentlingen Service: Exterior and Interior Plaster Eidelstedter H\u00f6fe Hamburg Service: Drywall [&hellip;]<\/p>","protected":false},"author":1,"featured_media":0,"parent":0,"menu_order":0,"comment_status":"closed","ping_status":"closed","template":"","meta":{"_breakdance_hide_in_design_set":false,"_breakdance_tags":"","footnotes":""},"class_list":["post-50","page","type-page","status-publish","hentry"],"_links":{"self":[{"href":"https:\/\/rsimonbau.de\/de\/wp-json\/wp\/v2\/pages\/50","targetHints":{"allow":["GET"]}}],"collection":[{"href":"https:\/\/rsimonbau.de\/de\/wp-json\/wp\/v2\/pages"}],"about":[{"href":"https:\/\/rsimonbau.de\/de\/wp-json\/wp\/v2\/types\/page"}],"author":[{"embeddable":true,"href":"https:\/\/rsimonbau.de\/de\/wp-json\/wp\/v2\/users\/1"}],"replies":[{"embeddable":true,"href":"https:\/\/rsimonbau.de\/de\/wp-json\/wp\/v2\/comments?post=50"}],"version-history":[{"count":5,"href":"https:\/\/rsimonbau.de\/de\/wp-json\/wp\/v2\/pages\/50\/revisions"}],"predecessor-version":[{"id":90,"href":"https:\/\/rsimonbau.de\/de\/wp-json\/wp\/v2\/pages\/50\/revisions\/90"}],"wp:attachment":[{"href":"https:\/\/rsimonbau.de\/de\/wp-json\/wp\/v2\/media?parent=50"}],"curies":[{"name":"wp","href":"https:\/\/api.w.org\/{rel}","templated":true}]}}